{"id":362,"date":"2025-05-19T15:13:39","date_gmt":"2025-05-19T14:13:39","guid":{"rendered":"https:\/\/eventosmg.es\/?page_id=362"},"modified":"2025-06-08T09:44:58","modified_gmt":"2025-06-08T08:44:58","slug":"contacto","status":"publish","type":"page","link":"https:\/\/eventosmg.es\/en\/contacto\/","title":{"rendered":"Contacto"},"content":{"rendered":"\t\t<div data-elementor-type=\"wp-page\" data-elementor-id=\"362\" class=\"elementor elementor-362\" data-elementor-post-type=\"page\">\n\t\t\t\t<div class=\"elementor-element elementor-element-8e345ce e-flex e-con-boxed e-con e-parent\" data-id=\"8e345ce\" data-element_type=\"container\" data-e-type=\"container\" data-settings=\"{&quot;background_background&quot;:&quot;classic&quot;}\">\n\t\t\t\t\t<div class=\"e-con-inner\">\n\t\t\t\t<div class=\"elementor-element elementor-element-f8db10f elementor-widget elementor-widget-heading\" data-id=\"f8db10f\" data-element_type=\"widget\" data-e-type=\"widget\" data-widget_type=\"heading.default\">\n\t\t\t\t<div class=\"elementor-widget-container\">\n\t\t\t\t\t<h2 class=\"elementor-heading-title elementor-size-default\">Contacto<\/h2>\t\t\t\t<\/div>\n\t\t\t\t<\/div>\n\t\t\t\t\t<\/div>\n\t\t\t\t<\/div>\n\t\t<div class=\"elementor-element elementor-element-7d5e2b6 e-flex e-con-boxed e-con e-parent\" data-id=\"7d5e2b6\" data-element_type=\"container\" data-e-type=\"container\" data-settings=\"{&quot;background_background&quot;:&quot;classic&quot;}\">\n\t\t\t\t\t<div class=\"e-con-inner\">\n\t\t<div class=\"elementor-element elementor-element-3a11e6e e-con-full e-flex e-con e-child\" data-id=\"3a11e6e\" data-element_type=\"container\" data-e-type=\"container\">\n\t\t\t\t<div class=\"elementor-element elementor-element-5f2b11b elementor-invisible elementor-widget elementor-widget-heading\" data-id=\"5f2b11b\" data-element_type=\"widget\" data-e-type=\"widget\" data-settings=\"{&quot;_animation&quot;:&quot;fadeInUp&quot;}\" data-widget_type=\"heading.default\">\n\t\t\t\t<div class=\"elementor-widget-container\">\n\t\t\t\t\t<h2 class=\"elementor-heading-title elementor-size-default\">\u00bfList@ para crear momentos inolvidables?<\/h2>\t\t\t\t<\/div>\n\t\t\t\t<\/div>\n\t\t\t\t<\/div>\n\t\t<div class=\"elementor-element elementor-element-268fa7b e-con-full e-flex e-con e-child\" data-id=\"268fa7b\" data-element_type=\"container\" data-e-type=\"container\">\n\t\t\t\t<div class=\"elementor-element elementor-element-4aa37b5 elementor-cta--layout-image-right elementor-cta--valign-bottom elementor-cta--mobile-layout-image-above elementor-cta--skin-classic elementor-animated-content elementor-bg-transform elementor-bg-transform-zoom-in elementor-widget elementor-widget-call-to-action\" data-id=\"4aa37b5\" data-element_type=\"widget\" data-e-type=\"widget\" data-widget_type=\"call-to-action.default\">\n\t\t\t\t<div class=\"elementor-widget-container\">\n\t\t\t\t\t\t\t<div class=\"elementor-cta\">\n\t\t\t\t\t\t\t<div class=\"elementor-cta__content\">\n\t\t\t\t\n\t\t\t\t\n\t\t\t\t\t\t\t\t\t<div class=\"elementor-cta__description elementor-cta__content-item elementor-content-item\">\n\t\t\t\t\t\tEn MG Eventos, estamos listos para hacer realidad tus sue\u00f1os de celebraci\u00f3n en Granada. Ya sea que tengas una pregunta espec\u00edfica sobre nuestros servicios, quieras un presupuesto detallado o simplemente quieras charlar sobre las posibilidades para tu evento, \u00a1no dudes en comunicarte con nosotros!\t\t\t\t\t<\/div>\n\t\t\t\t\n\t\t\t\t\t\t\t<\/div>\n\t\t\t\t\t\t<\/div>\n\t\t\t\t\t\t<\/div>\n\t\t\t\t<\/div>\n\t\t\t\t<div class=\"elementor-element elementor-element-f51144c elementor-invisible elementor-widget elementor-widget-heading\" data-id=\"f51144c\" data-element_type=\"widget\" data-e-type=\"widget\" data-settings=\"{&quot;_animation&quot;:&quot;fadeInUp&quot;}\" data-widget_type=\"heading.default\">\n\t\t\t\t<div class=\"elementor-widget-container\">\n\t\t\t\t\t<h2 class=\"elementor-heading-title elementor-size-default\">\u00a1Hablemos!<\/h2>\t\t\t\t<\/div>\n\t\t\t\t<\/div>\n\t\t\t\t<\/div>\n\t\t\t\t\t<\/div>\n\t\t\t\t<\/div>\n\t\t<div class=\"elementor-element elementor-element-9a1ab3f elementor-hidden-tablet elementor-hidden-mobile e-flex e-con-boxed e-con e-parent\" data-id=\"9a1ab3f\" data-element_type=\"container\" data-e-type=\"container\">\n\t\t\t\t\t<div class=\"e-con-inner\">\n\t\t<div class=\"elementor-element elementor-element-a13ab22 e-con-full e-flex e-con e-child\" data-id=\"a13ab22\" data-element_type=\"container\" data-e-type=\"container\" data-settings=\"{&quot;background_background&quot;:&quot;classic&quot;,&quot;background_motion_fx_motion_fx_scrolling&quot;:&quot;yes&quot;,&quot;background_motion_fx_scale_effect&quot;:&quot;yes&quot;,&quot;background_motion_fx_scale_direction&quot;:&quot;in-out&quot;,&quot;background_motion_fx_scale_speed&quot;:{&quot;unit&quot;:&quot;px&quot;,&quot;size&quot;:4,&quot;sizes&quot;:[]},&quot;background_motion_fx_scale_range&quot;:{&quot;unit&quot;:&quot;%&quot;,&quot;size&quot;:&quot;&quot;,&quot;sizes&quot;:{&quot;start&quot;:20,&quot;end&quot;:80}},&quot;background_motion_fx_devices&quot;:[&quot;desktop&quot;,&quot;tablet&quot;,&quot;mobile&quot;]}\">\n\t\t\t\t<\/div>\n\t\t<div class=\"elementor-element elementor-element-3115a21 e-con-full e-flex e-con e-child\" data-id=\"3115a21\" data-element_type=\"container\" data-e-type=\"container\" data-settings=\"{&quot;background_background&quot;:&quot;classic&quot;,&quot;background_motion_fx_motion_fx_scrolling&quot;:&quot;yes&quot;,&quot;background_motion_fx_scale_effect&quot;:&quot;yes&quot;,&quot;background_motion_fx_scale_direction&quot;:&quot;in-out&quot;,&quot;background_motion_fx_scale_speed&quot;:{&quot;unit&quot;:&quot;px&quot;,&quot;size&quot;:4,&quot;sizes&quot;:[]},&quot;background_motion_fx_scale_range&quot;:{&quot;unit&quot;:&quot;%&quot;,&quot;size&quot;:&quot;&quot;,&quot;sizes&quot;:{&quot;start&quot;:20,&quot;end&quot;:80}},&quot;background_motion_fx_devices&quot;:[&quot;desktop&quot;,&quot;tablet&quot;,&quot;mobile&quot;]}\">\n\t\t\t\t<div class=\"elementor-element elementor-element-eec3daf elementor-position-inline-start elementor-view-default elementor-mobile-position-block-start elementor-widget elementor-widget-icon-box\" data-id=\"eec3daf\" data-element_type=\"widget\" data-e-type=\"widget\" data-widget_type=\"icon-box.default\">\n\t\t\t\t<div class=\"elementor-widget-container\">\n\t\t\t\t\t\t\t<div class=\"elementor-icon-box-wrapper\">\n\n\t\t\t\t\t\t<div class=\"elementor-icon-box-icon\">\n\t\t\t\t<span  class=\"elementor-icon\">\n\t\t\t\t<svg aria-hidden=\"true\" class=\"e-font-icon-svg e-fas-circle\" viewBox=\"0 0 512 512\" xmlns=\"http:\/\/www.w3.org\/2000\/svg\"><path d=\"M256 8C119 8 8 119 8 256s111 248 248 248 248-111 248-248S393 8 256 8z\"><\/path><\/svg>\t\t\t\t<\/span>\n\t\t\t<\/div>\n\t\t\t\n\t\t\t\t\t\t<div class=\"elementor-icon-box-content\">\n\n\t\t\t\t\t\t\t\t\t<h5 class=\"elementor-icon-box-title\">\n\t\t\t\t\t\t<span  >\n\t\t\t\t\t\t\tTengamos un primer contacto\t\t\t\t\t\t<\/span>\n\t\t\t\t\t<\/h5>\n\t\t\t\t\n\t\t\t\t\n\t\t\t<\/div>\n\t\t\t\n\t\t<\/div>\n\t\t\t\t\t\t<\/div>\n\t\t\t\t<\/div>\n\t\t\t\t<div class=\"elementor-element elementor-element-9c965e8 elementor-invisible elementor-widget elementor-widget-heading\" data-id=\"9c965e8\" data-element_type=\"widget\" data-e-type=\"widget\" data-settings=\"{&quot;_animation&quot;:&quot;fadeInUp&quot;}\" data-widget_type=\"heading.default\">\n\t\t\t\t<div class=\"elementor-widget-container\">\n\t\t\t\t\t<h3 class=\"elementor-heading-title elementor-size-default\">Queremos conocerte<\/h3>\t\t\t\t<\/div>\n\t\t\t\t<\/div>\n\t\t\t\t<div class=\"elementor-element elementor-element-42a1206 fluentform-widget-submit-button-custom elementor-widget elementor-widget-fluent-form-widget\" data-id=\"42a1206\" data-element_type=\"widget\" data-e-type=\"widget\" data-widget_type=\"fluent-form-widget.default\">\n\t\t\t\t<div class=\"elementor-widget-container\">\n\t\t\t\t\t\n            <div class=\"fluentform-widget-wrapper fluentform-widget-align-default\">\n\n            \n            <div class='fluentform ff-default fluentform_wrapper_3 ffs_default_wrap'><form data-form_id=\"3\" id=\"fluentform_3\" class=\"frm-fluent-form fluent_form_3 ff-el-form-top ff_form_instance_3_1 ff-form-loading ffs_default\" data-form_instance=\"ff_form_instance_3_1\" method=\"POST\" ><fieldset  style=\"border: none!important;margin: 0!important;padding: 0!important;background-color: transparent!important;box-shadow: none!important;outline: none!important; min-inline-size: 100%;\">\n                    <legend class=\"ff_screen_reader_title\" style=\"display: block; margin: 0!important;padding: 0!important;height: 0!important;text-indent: -999999px;width: 0!important;overflow:hidden;\">WhatsApp Contact<\/legend><input type='hidden' name='__fluent_form_embded_post_id' value='362' \/><input type=\"hidden\" id=\"_fluentform_3_fluentformnonce\" name=\"_fluentform_3_fluentformnonce\" value=\"ecf98884cc\" \/><input type=\"hidden\" name=\"_wp_http_referer\" value=\"\/en\/wp-json\/wp\/v2\/pages\/362\" \/><div data-type=\"name-element\" data-name=\"names\" class=\" ff-field_container ff-name-field-wrapper\" ><div class='ff-t-container'><div class='ff-t-cell '><div class='ff-el-group ff-el-form-top'><div class=\"ff-el-input--label asterisk-right\"><label for='ff_3_names_first_name_' id='label_ff_3_names_first_name_' >Nombre<\/label><\/div><div class='ff-el-input--content'><input type=\"text\" name=\"names[first_name]\" id=\"ff_3_names_first_name_\" class=\"ff-el-form-control\" placeholder=\"Introduce tu nombre\" aria-invalid=\"false\" aria-required=false><\/div><\/div><\/div><div class='ff-t-cell '><div class='ff-el-group ff-el-form-top'><div class=\"ff-el-input--label asterisk-right\"><label for='ff_3_names_last_name_' id='label_ff_3_names_last_name_' >Apellidos<\/label><\/div><div class='ff-el-input--content'><input type=\"text\" name=\"names[last_name]\" id=\"ff_3_names_last_name_\" class=\"ff-el-form-control\" placeholder=\"Introduce tus apellidos\" aria-invalid=\"false\" aria-required=false><\/div><\/div><\/div><\/div><\/div><div class='ff-el-group'><div class=\"ff-el-input--label ff-el-is-required asterisk-right\"><label for='ff_3_dropdown' id='label_ff_3_dropdown' aria-label=\"Servicios\">Servicios<\/label><\/div><div class='ff-el-input--content'><select name=\"dropdown\" id=\"ff_3_dropdown\" class=\"ff-el-form-control\" data-name=\"dropdown\" data-calc_value=\"0\"  aria-invalid=\"false\" aria-required=\"true\" aria-labelledby=\"label_ff_3_dropdown\"><option value=\"\">Selecciona uno los servicios o la opci\u00f3n de varios<\/option><option value=\"Animaci\u00f3n de Eventos Infantiles\"  >Animaci\u00f3n de Eventos Infantiles<\/option><option value=\"Decoraci\u00f3n de Eventos\"  >Decoraci\u00f3n de Eventos<\/option><option value=\"Maquillaje Art\u00edstico\"  >Maquillaje Art\u00edstico<\/option><option value=\"Candy Glitter con Tatuajes y Maquillaje Ne\u00f3n\"  >Candy Glitter con Tatuajes y Maquillaje Ne\u00f3n<\/option><option value=\"Event\u00a0Planner\"  >Event\u00a0Planner<\/option><option value=\"Photocall con c\u00e1mara de impresi\u00f3n\"  >Photocall con c\u00e1mara de impresi\u00f3n<\/option><option value=\"Espect\u00e1culos con Personajes Animados\"  >Espect\u00e1culos con Personajes Animados<\/option><option value=\"Alquiler de Fotomat\u00f3n\"  >Alquiler de Fotomat\u00f3n<\/option><option value=\" Alquiler de M\u00e1quina de Algod\u00f3n\"  >Alquiler de M\u00e1quina de Algod\u00f3n<\/option><option value=\"Alquiler de Maquina de Palomitas\"  >Alquiler de Maquina de Palomitas<\/option><option value=\"Quiero varios\"  >Quiero varios<\/option><\/select><\/div><\/div><div class='ff-el-group'><div class=\"ff-el-input--label ff-el-is-required asterisk-right\"><label for='ff_3_input_text' id='label_ff_3_input_text' aria-label=\"Lugar de tu evento\">Lugar de tu evento<\/label><\/div><div class='ff-el-input--content'><input type=\"text\" name=\"input_text\" class=\"ff-el-form-control\" data-name=\"input_text\" id=\"ff_3_input_text\"  aria-invalid=\"false\" aria-required=true><\/div><\/div><div class='ff-el-group'><div class=\"ff-el-input--label ff-el-is-required asterisk-right\"><label for='ff_3_datetime' id='label_ff_3_datetime' aria-label=\"Fecha \/ Hora\">Fecha \/ Hora<\/label><\/div><div class='ff-el-input--content'><input  aria-label='Fecha \/ Hora Use arrow keys to navigate dates. Press enter to select a date.'  aria-haspopup='dialog' data-type-datepicker data-format='d\/m\/Y' type=\"text\" name=\"datetime\" id=\"ff_3_datetime\" class=\"ff-el-form-control ff-el-datepicker\" placeholder=\"Dia \/ Mes \/ A\u00f1o\" data-name=\"datetime\"  aria-invalid='false' aria-required=true><\/div><\/div><div class='ff-el-group ff-text-left ff_submit_btn_wrapper'><button type=\"submit\" class=\"ff-btn ff-btn-submit ff-btn-md ff_btn_style\"  aria-label=\"Enviar a WhatsApp\">Enviar a WhatsApp<\/button><\/div><\/fieldset><\/form><div id='fluentform_3_errors' class='ff-errors-in-stack ff_form_instance_3_1 ff-form-loading_errors ff_form_instance_3_1_errors'><\/div><\/div>            <script type=\"text\/javascript\">\n                window.fluent_form_ff_form_instance_3_1 = {\"id\":\"3\",\"ajaxUrl\":\"https:\\\/\\\/eventosmg.es\\\/wp-admin\\\/admin-ajax.php\",\"settings\":{\"layout\":{\"labelPlacement\":\"top\",\"asteriskPlacement\":\"asterisk-right\",\"helpMessagePlacement\":\"with_label\",\"errorMessagePlacement\":\"inline\",\"cssClassName\":\"\"},\"restrictions\":{\"denyEmptySubmission\":{\"enabled\":false}}},\"form_instance\":\"ff_form_instance_3_1\",\"form_id_selector\":\"fluentform_3\",\"rules\":{\"names[first_name]\":{\"required\":{\"value\":false,\"message\":\"This field is required\",\"global_message\":\"Este campo es obligatorio\",\"global\":true}},\"names[middle_name]\":{\"required\":{\"value\":false,\"message\":\"This field is required\",\"global_message\":\"Este campo es obligatorio\",\"global\":true}},\"names[last_name]\":{\"required\":{\"value\":false,\"message\":\"This field is required\",\"global_message\":\"Este campo es obligatorio\",\"global\":true}},\"dropdown\":{\"required\":{\"value\":true,\"message\":\"This field is required\",\"global_message\":\"Este campo es obligatorio\",\"global\":true}},\"input_text\":{\"required\":{\"value\":true,\"message\":\"This field is required\",\"global_message\":\"Este campo es obligatorio\",\"global\":true}},\"datetime\":{\"required\":{\"value\":true,\"message\":\"This field is required\",\"global_message\":\"Este campo es obligatorio\",\"global\":true}}},\"debounce_time\":300};\n                            <\/script>\n                        <\/div>\n\n            \t\t\t\t<\/div>\n\t\t\t\t<\/div>\n\t\t\t\t<\/div>\n\t\t\t\t\t<\/div>\n\t\t\t\t<\/div>\n\t\t<div class=\"elementor-element elementor-element-eb51a9f e-con-full e-flex e-con e-parent\" data-id=\"eb51a9f\" data-element_type=\"container\" data-e-type=\"container\">\n\t\t\t\t<div class=\"elementor-element elementor-element-799d815 elementor-widget elementor-widget-google_maps\" data-id=\"799d815\" data-element_type=\"widget\" data-e-type=\"widget\" data-widget_type=\"google_maps.default\">\n\t\t\t\t<div class=\"elementor-widget-container\">\n\t\t\t\t\t\t\t<div class=\"elementor-custom-embed\">\n\t\t\t<iframe loading=\"lazy\"\n\t\t\t\t\tsrc=\"https:\/\/maps.google.com\/maps?q=Carretera%20de%20Illora%2085&#038;t=m&#038;z=13&#038;output=embed&#038;iwloc=near\"\n\t\t\t\t\ttitle=\"Carretera de Illora 85\"\n\t\t\t\t\taria-label=\"Carretera de Illora 85\"\n\t\t\t><\/iframe>\n\t\t<\/div>\n\t\t\t\t\t\t<\/div>\n\t\t\t\t<\/div>\n\t\t\t\t<\/div>\n\t\t\t\t<\/div>\n\t\t","protected":false},"excerpt":{"rendered":"<p>Contacto \u00bfList@ para crear momentos inolvidables? En MG Eventos, estamos listos para hacer realidad tus sue\u00f1os de celebraci\u00f3n en Granada. [&hellip;]<\/p>\n","protected":false},"author":1,"featured_media":0,"parent":0,"menu_order":0,"comment_status":"closed","ping_status":"closed","template":"","meta":{"site-sidebar-layout":"no-sidebar","site-content-layout":"","ast-site-content-layout":"full-width-container","site-content-style":"default","site-sidebar-style":"default","ast-global-header-display":"","ast-banner-title-visibility":"","ast-main-header-display":"","ast-hfb-above-header-display":"","ast-hfb-below-header-display":"","ast-hfb-mobile-header-display":"","site-post-title":"disabled","ast-breadcrumbs-content":"","ast-featured-img":"disabled","footer-sml-layout":"","ast-disable-related-posts":"","theme-transparent-header-meta":"","adv-header-id-meta":"","stick-header-meta":"","header-above-stick-meta":"","header-main-stick-meta":"","header-below-stick-meta":"","astra-migrate-meta-layouts":"default","ast-page-background-enabled":"default","ast-page-background-meta":{"desktop":{"background-color":"var(--ast-global-color-5)","background-image":"","background-repeat":"repeat","background-position":"center center","background-size":"auto","background-attachment":"scroll","background-type":"","background-media":"","overlay-type":"","overlay-color":"","overlay-opacity":"","overlay-gradient":""},"tablet":{"background-color":"","background-image":"","background-repeat":"repeat","background-position":"center center","background-size":"auto","background-attachment":"scroll","background-type":"","background-media":"","overlay-type":"","overlay-color":"","overlay-opacity":"","overlay-gradient":""},"mobile":{"background-color":"","background-image":"","background-repeat":"repeat","background-position":"center center","background-size":"auto","background-attachment":"scroll","background-type":"","background-media":"","overlay-type":"","overlay-color":"","overlay-opacity":"","overlay-gradient":""}},"ast-content-background-meta":{"desktop":{"background-color":"var(--ast-global-color-4)","background-image":"","background-repeat":"repeat","background-position":"center center","background-size":"auto","background-attachment":"scroll","background-type":"","background-media":"","overlay-type":"","overlay-color":"","overlay-opacity":"","overlay-gradient":""},"tablet":{"background-color":"var(--ast-global-color-4)","background-image":"","background-repeat":"repeat","background-position":"center center","background-size":"auto","background-attachment":"scroll","background-type":"","background-media":"","overlay-type":"","overlay-color":"","overlay-opacity":"","overlay-gradient":""},"mobile":{"background-color":"var(--ast-global-color-4)","background-image":"","background-repeat":"repeat","background-position":"center center","background-size":"auto","background-attachment":"scroll","background-type":"","background-media":"","overlay-type":"","overlay-color":"","overlay-opacity":"","overlay-gradient":""}},"footnotes":""},"class_list":["post-362","page","type-page","status-publish","hentry"],"yoast_head":"<!-- This site is optimized with the Yoast SEO plugin v27.5 - https:\/\/yoast.com\/product\/yoast-seo-wordpress\/ -->\n<title>Contacto - Eventos MG | Animaciones y Decoraciones para Eventos en Granada<\/title>\n<meta name=\"robots\" content=\"index, follow, max-snippet:-1, max-image-preview:large, max-video-preview:-1\" \/>\n<link rel=\"canonical\" href=\"https:\/\/eventosmg.es\/en\/contacto\/\" \/>\n<meta property=\"og:locale\" content=\"en_GB\" \/>\n<meta property=\"og:type\" content=\"article\" \/>\n<meta property=\"og:title\" content=\"Contacto - Eventos MG | Animaciones y Decoraciones para Eventos en Granada\" \/>\n<meta property=\"og:description\" content=\"Contacto \u00bfList@ para crear momentos inolvidables? En MG Eventos, estamos listos para hacer realidad tus sue\u00f1os de celebraci\u00f3n en Granada. [&hellip;]\" \/>\n<meta property=\"og:url\" content=\"https:\/\/eventosmg.es\/en\/contacto\/\" \/>\n<meta property=\"og:site_name\" content=\"Eventos MG | Animaciones y Decoraciones para Eventos en Granada\" \/>\n<meta property=\"article:modified_time\" content=\"2025-06-08T08:44:58+00:00\" \/>\n<meta name=\"twitter:card\" content=\"summary_large_image\" \/>\n<meta name=\"twitter:label1\" content=\"Estimated reading time\" \/>\n\t<meta name=\"twitter:data1\" content=\"1 minute\" \/>\n<script type=\"application\/ld+json\" class=\"yoast-schema-graph\">{\"@context\":\"https:\\\/\\\/schema.org\",\"@graph\":[{\"@type\":\"WebPage\",\"@id\":\"https:\\\/\\\/eventosmg.es\\\/contacto\\\/\",\"url\":\"https:\\\/\\\/eventosmg.es\\\/contacto\\\/\",\"name\":\"Contacto - Eventos MG | Animaciones y Decoraciones para Eventos en Granada\",\"isPartOf\":{\"@id\":\"https:\\\/\\\/eventosmg.es\\\/#website\"},\"datePublished\":\"2025-05-19T14:13:39+00:00\",\"dateModified\":\"2025-06-08T08:44:58+00:00\",\"breadcrumb\":{\"@id\":\"https:\\\/\\\/eventosmg.es\\\/contacto\\\/#breadcrumb\"},\"inLanguage\":\"en-GB\",\"potentialAction\":[{\"@type\":\"ReadAction\",\"target\":[\"https:\\\/\\\/eventosmg.es\\\/contacto\\\/\"]}]},{\"@type\":\"BreadcrumbList\",\"@id\":\"https:\\\/\\\/eventosmg.es\\\/contacto\\\/#breadcrumb\",\"itemListElement\":[{\"@type\":\"ListItem\",\"position\":1,\"name\":\"Portada\",\"item\":\"https:\\\/\\\/eventosmg.es\\\/\"},{\"@type\":\"ListItem\",\"position\":2,\"name\":\"Contacto\"}]},{\"@type\":\"WebSite\",\"@id\":\"https:\\\/\\\/eventosmg.es\\\/#website\",\"url\":\"https:\\\/\\\/eventosmg.es\\\/\",\"name\":\"Eventos MG | Animaciones y Decoraciones para Eventos en Granada\",\"description\":\"Alquiler de Fotomat\u00f3n, Maquina de Algod\u00f3n, Maquina de Palomitas, Event Planner, Photocall.\",\"publisher\":{\"@id\":\"https:\\\/\\\/eventosmg.es\\\/#\\\/schema\\\/person\\\/255e104135cfff8fcec9542a56c10cae\"},\"potentialAction\":[{\"@type\":\"SearchAction\",\"target\":{\"@type\":\"EntryPoint\",\"urlTemplate\":\"https:\\\/\\\/eventosmg.es\\\/?s={search_term_string}\"},\"query-input\":{\"@type\":\"PropertyValueSpecification\",\"valueRequired\":true,\"valueName\":\"search_term_string\"}}],\"inLanguage\":\"en-GB\"},{\"@type\":[\"Person\",\"Organization\"],\"@id\":\"https:\\\/\\\/eventosmg.es\\\/#\\\/schema\\\/person\\\/255e104135cfff8fcec9542a56c10cae\",\"name\":\"admin\",\"image\":{\"@type\":\"ImageObject\",\"inLanguage\":\"en-GB\",\"@id\":\"https:\\\/\\\/eventosmg.es\\\/wp-content\\\/uploads\\\/2025\\\/05\\\/Logo-MG-Eventos-png-e1747643640147.png\",\"url\":\"https:\\\/\\\/eventosmg.es\\\/wp-content\\\/uploads\\\/2025\\\/05\\\/Logo-MG-Eventos-png-e1747643640147.png\",\"contentUrl\":\"https:\\\/\\\/eventosmg.es\\\/wp-content\\\/uploads\\\/2025\\\/05\\\/Logo-MG-Eventos-png-e1747643640147.png\",\"width\":720,\"height\":670,\"caption\":\"admin\"},\"logo\":{\"@id\":\"https:\\\/\\\/eventosmg.es\\\/wp-content\\\/uploads\\\/2025\\\/05\\\/Logo-MG-Eventos-png-e1747643640147.png\"},\"sameAs\":[\"https:\\\/\\\/eventosmg.es\"]}]}<\/script>\n<!-- \/ Yoast SEO plugin. -->","yoast_head_json":{"title":"Contacto - Eventos MG | Animaciones y Decoraciones para Eventos en Granada","robots":{"index":"index","follow":"follow","max-snippet":"max-snippet:-1","max-image-preview":"max-image-preview:large","max-video-preview":"max-video-preview:-1"},"canonical":"https:\/\/eventosmg.es\/en\/contacto\/","og_locale":"en_GB","og_type":"article","og_title":"Contacto - Eventos MG | Animaciones y Decoraciones para Eventos en Granada","og_description":"Contacto \u00bfList@ para crear momentos inolvidables? En MG Eventos, estamos listos para hacer realidad tus sue\u00f1os de celebraci\u00f3n en Granada. [&hellip;]","og_url":"https:\/\/eventosmg.es\/en\/contacto\/","og_site_name":"Eventos MG | Animaciones y Decoraciones para Eventos en Granada","article_modified_time":"2025-06-08T08:44:58+00:00","twitter_card":"summary_large_image","twitter_misc":{"Estimated reading time":"1 minute"},"schema":{"@context":"https:\/\/schema.org","@graph":[{"@type":"WebPage","@id":"https:\/\/eventosmg.es\/contacto\/","url":"https:\/\/eventosmg.es\/contacto\/","name":"Contacto - Eventos MG | Animaciones y Decoraciones para Eventos en Granada","isPartOf":{"@id":"https:\/\/eventosmg.es\/#website"},"datePublished":"2025-05-19T14:13:39+00:00","dateModified":"2025-06-08T08:44:58+00:00","breadcrumb":{"@id":"https:\/\/eventosmg.es\/contacto\/#breadcrumb"},"inLanguage":"en-GB","potentialAction":[{"@type":"ReadAction","target":["https:\/\/eventosmg.es\/contacto\/"]}]},{"@type":"BreadcrumbList","@id":"https:\/\/eventosmg.es\/contacto\/#breadcrumb","itemListElement":[{"@type":"ListItem","position":1,"name":"Portada","item":"https:\/\/eventosmg.es\/"},{"@type":"ListItem","position":2,"name":"Contacto"}]},{"@type":"WebSite","@id":"https:\/\/eventosmg.es\/#website","url":"https:\/\/eventosmg.es\/","name":"Eventos MG | Animaciones y Decoraciones para Eventos en Granada","description":"Alquiler de Fotomat\u00f3n, Maquina de Algod\u00f3n, Maquina de Palomitas, Event Planner, Photocall.","publisher":{"@id":"https:\/\/eventosmg.es\/#\/schema\/person\/255e104135cfff8fcec9542a56c10cae"},"potentialAction":[{"@type":"SearchAction","target":{"@type":"EntryPoint","urlTemplate":"https:\/\/eventosmg.es\/?s={search_term_string}"},"query-input":{"@type":"PropertyValueSpecification","valueRequired":true,"valueName":"search_term_string"}}],"inLanguage":"en-GB"},{"@type":["Person","Organization"],"@id":"https:\/\/eventosmg.es\/#\/schema\/person\/255e104135cfff8fcec9542a56c10cae","name":"admin","image":{"@type":"ImageObject","inLanguage":"en-GB","@id":"https:\/\/eventosmg.es\/wp-content\/uploads\/2025\/05\/Logo-MG-Eventos-png-e1747643640147.png","url":"https:\/\/eventosmg.es\/wp-content\/uploads\/2025\/05\/Logo-MG-Eventos-png-e1747643640147.png","contentUrl":"https:\/\/eventosmg.es\/wp-content\/uploads\/2025\/05\/Logo-MG-Eventos-png-e1747643640147.png","width":720,"height":670,"caption":"admin"},"logo":{"@id":"https:\/\/eventosmg.es\/wp-content\/uploads\/2025\/05\/Logo-MG-Eventos-png-e1747643640147.png"},"sameAs":["https:\/\/eventosmg.es"]}]}},"_links":{"self":[{"href":"https:\/\/eventosmg.es\/en\/wp-json\/wp\/v2\/pages\/362","targetHints":{"allow":["GET"]}}],"collection":[{"href":"https:\/\/eventosmg.es\/en\/wp-json\/wp\/v2\/pages"}],"about":[{"href":"https:\/\/eventosmg.es\/en\/wp-json\/wp\/v2\/types\/page"}],"author":[{"embeddable":true,"href":"https:\/\/eventosmg.es\/en\/wp-json\/wp\/v2\/users\/1"}],"replies":[{"embeddable":true,"href":"https:\/\/eventosmg.es\/en\/wp-json\/wp\/v2\/comments?post=362"}],"version-history":[{"count":10,"href":"https:\/\/eventosmg.es\/en\/wp-json\/wp\/v2\/pages\/362\/revisions"}],"predecessor-version":[{"id":473,"href":"https:\/\/eventosmg.es\/en\/wp-json\/wp\/v2\/pages\/362\/revisions\/473"}],"wp:attachment":[{"href":"https:\/\/eventosmg.es\/en\/wp-json\/wp\/v2\/media?parent=362"}],"curies":[{"name":"wp","href":"https:\/\/api.w.org\/{rel}","templated":true}]}}